{"id":25,"date":"2016-06-14T18:02:03","date_gmt":"2016-06-14T18:02:03","guid":{"rendered":"http:\/\/gstk.se\/?page_id=25"},"modified":"2025-05-14T06:42:16","modified_gmt":"2025-05-14T06:42:16","slug":"tennisskola","status":"publish","type":"page","link":"https:\/\/gstk.se\/?page_id=25","title":{"rendered":"Tennisskola och tr\u00e4nare 2025"},"content":{"rendered":"<p>Glimminge Strands tennisklubb kommer k\u00f6ra tennisskola \u00e4ven denna sommar, f\u00f6r unga &amp; gamla!<\/p>\n<p>Tv\u00e5 av f\u00f6rra \u00e5rets tr\u00e4nare h\u00e5ller i sommarens tennisskola; Ignas Mazgelis och Frans Lessing (se presentationer l\u00e4ngst ner p\u00e5 denna sidan).<\/p>\n<p>I \u00e5r k\u00f6r vi:<br \/>\u00a0 \u00a0Vecka 28 (7e-11e juli)<br \/>\u00a0 \u00a0Vecka 30 (21a &#8211; 25e juli)<\/p>\n<p>Priser:<br \/>\u00a0 \u00a0800 kr \/ barn \/ vecka<br \/>\u00a0 \u00a01100 kr \/ vuxen \/ vecka<\/p>\n<p>Anm\u00e4l dig till Ignas p\u00e5 mailadress iglis23@gmail.com och uppge namn, telefonnummer, mailadress, \u00e5lder och niv\u00e5 p\u00e5 din tennis (nyb\u00f6rjare, medelgod, avancerad) och vilken vecka du vill deltaga.<br \/>Det finns ett begr\u00e4nsat antal platser s\u00e5 f\u00f6rst till kvarn g\u00e4ller (vi hoppas s\u00e5klart att alla som vill f\u00e5r plats). Vid fr\u00e5gor kontakta Ignas per mail eller telefon:<br \/>iglis23@gmail.com<br \/>0735 518432<\/p>\n<p>V\u00e4lkommen med din anm\u00e4lan !<\/p>\n<p>(det kan eventuellt finnas n\u00e5gon form av tennisskola \u00e4ven vecka 29, men det \u00e4r inte spikat \u00e4nnu)<\/p>\n<p>&#8212;&#8212;&#8212;&#8212;&#8212;&#8212;&#8212;&#8212;&#8212;&#8212;&#8212;&#8212;&#8211;<br \/>My name is Ignas and I am a super passionate tennis coach with over 12 years of experience working in different klubbs with different age groups and levels. Holding latest ITF and PTR coaching certificates.<br \/>Looking forward to seeing you at GTK summer school or if you would like to have a private training outside the tennis school contact me.<\/p>\n<p>Mitt namn \u00e4r Frans Lessing, jag \u00e4r 16 \u00e5r och jag kommer fr\u00e5n Stockholm. Min tenniskarri\u00e4r b\u00f6rjade n\u00e4r jag var 3 \u00e5r i Glimminge strands tenniskola och jag t\u00e4vlar just nu f\u00f6r N\u00e4sbyparks tennisklubb. De senaste 2 \u00e5ren har jag varit tennistr\u00e4nare i min hemmaklubb och i Glimminge.Ses n\u00e4sta s\u00e4song!<\/p>\n<div style=\"padding-left: 40px;\">\n<div>\u00a0<\/div>\n<\/div>\n<p style=\"padding-left: 40px;\">\u00a0<\/p>\n\n\n<p><\/p>\n\n\n\n<p><\/p>\n\n\n\n<figure class=\"wp-block-image size-full\"><a href=\"https:\/\/gstk.se\/2021\/06\/image.png\"><img loading=\"lazy\" decoding=\"async\" width=\"48\" height=\"64\" src=\"https:\/\/gstk.se\/2021\/06\/image.png\" alt=\"\" class=\"wp-image-538\"\/><\/a><\/figure>\n","protected":false},"excerpt":{"rendered":"<p>Glimminge Strands tennisklubb kommer k\u00f6ra tennisskola \u00e4ven denna sommar, f\u00f6r unga &amp; gamla! Tv\u00e5 av f\u00f6rra \u00e5rets tr\u00e4nare h\u00e5ller i sommarens tennisskola; Ignas Mazgelis och Frans Lessing (se presentationer l\u00e4ngst ner p\u00e5 denna sidan). I \u00e5r k\u00f6r vi:\u00a0 \u00a0Vecka 28 (7e-11e juli)\u00a0 \u00a0Vecka 30 (21a &#8211; 25e juli) Priser:\u00a0 \u00a0800 kr \/ barn \/ vecka\u00a0 &hellip; <a href=\"https:\/\/gstk.se\/?page_id=25\" class=\"more-link\">Forts\u00e4tt l\u00e4sa<span class=\"screen-reader-text\"> \u201dTennisskola och tr\u00e4nare 2025\u201d<\/span><\/a><\/p>\n","protected":false},"author":1,"featured_media":0,"parent":0,"menu_order":20,"comment_status":"closed","ping_status":"closed","template":"","meta":{"footnotes":""},"class_list":["post-25","page","type-page","status-publish","hentry"],"_links":{"self":[{"href":"https:\/\/gstk.se\/index.php?rest_route=\/wp\/v2\/pages\/25","targetHints":{"allow":["GET"]}}],"collection":[{"href":"https:\/\/gstk.se\/index.php?rest_route=\/wp\/v2\/pages"}],"about":[{"href":"https:\/\/gstk.se\/index.php?rest_route=\/wp\/v2\/types\/page"}],"author":[{"embeddable":true,"href":"https:\/\/gstk.se\/index.php?rest_route=\/wp\/v2\/users\/1"}],"replies":[{"embeddable":true,"href":"https:\/\/gstk.se\/index.php?rest_route=%2Fwp%2Fv2%2Fcomments&post=25"}],"version-history":[{"count":38,"href":"https:\/\/gstk.se\/index.php?rest_route=\/wp\/v2\/pages\/25\/revisions"}],"predecessor-version":[{"id":735,"href":"https:\/\/gstk.se\/index.php?rest_route=\/wp\/v2\/pages\/25\/revisions\/735"}],"wp:attachment":[{"href":"https:\/\/gstk.se\/index.php?rest_route=%2Fwp%2Fv2%2Fmedia&parent=25"}],"curies":[{"name":"wp","href":"https:\/\/api.w.org\/{rel}","templated":true}]}}