{"id":33,"date":"2016-06-14T18:22:24","date_gmt":"2016-06-14T18:22:24","guid":{"rendered":"http:\/\/gstk.se\/?page_id=33"},"modified":"2026-04-30T13:12:05","modified_gmt":"2026-04-30T13:12:05","slug":"kalender","status":"publish","type":"page","link":"https:\/\/gstk.se\/?page_id=33","title":{"rendered":"Kalender 2026"},"content":{"rendered":"\n<p><\/p>\n\n\n\n<p><\/p>\n\n\n\n<p><\/p>\n\n\n\n<figure class=\"wp-block-table is-style-stripes\"><table><tbody><tr><td>VECKA<\/td><td>AKTIVITET<\/td><td>DATUM<\/td><\/tr><tr><td><\/td><td><\/td><td><\/td><\/tr><tr><td>20<\/td><td>Fixarf\u00f6rmiddag vid banorna, vi ses och putsar upp omr\u00e5det inf\u00f6r s\u00e4songen, fika ing\u00e5r som vanligt &#8211; varmt v\u00e4lkomna! \ud83d\ude42 09.00-12.00<\/td><td>Torsdag 14 maj (Kristi Himmelsf\u00e4rdshelgen)<\/td><\/tr><tr><td><\/td><td><\/td><td><\/td><\/tr><tr><td>24<\/td><td>MATCHi.se \u00f6ppnas f\u00f6r bokning.<\/td><td>M\u00e5ndag 1 juni<\/td><\/tr><tr><td><\/td><td><\/td><td><\/td><\/tr><tr><td>24<\/td><td>Banorna \u00f6ppnas f\u00f6r spel.<\/td><td>L\u00f6rdag 6 juni<\/td><\/tr><tr><td><\/td><td><\/td><td><\/td><\/tr><tr><td>25<\/td><td>Tenniskiosken har smyg\u00f6ppet under midsommarhelgen<\/td><td>L\u00f6rdag 20 juni, s\u00f6ndag 21 juni<\/td><\/tr><tr><td><\/td><td><\/td><td><\/td><\/tr><tr><td>27<\/td><td>Tenniskiosken \u00f6ppnar f\u00f6r s\u00e4songen<\/td><td>L\u00f6rdag 4 juli<\/td><\/tr><tr><td><\/td><td><\/td><td><\/td><\/tr><tr><td>28<\/td><td>Tennisskola (m\u00e5n-fre)<\/td><td>Start m\u00e5ndag 6 juli<\/td><\/tr><tr><td><\/td><td><\/td><td><\/td><\/tr><tr><td>28<\/td><td>\u00c5rsm\u00f6te vid tennisbanorna<\/td><td>Torsdag 9 juli<\/td><\/tr><tr><td><\/td><td><\/td><td><\/td><\/tr><tr><td>28<\/td><td>Grillkv\u00e4ll vid banorna f\u00f6r medlemmar och icke medlemmar, gamla och unga :-), 17.00 och fram\u00e5t, gratis minitennis p\u00e5 b\u00e5da banorna<\/td><td>Torsdag 9 juli<\/td><\/tr><tr><td><\/td><td><\/td><td><\/td><\/tr><tr><td>29<\/td><td>Tennisskola (m\u00e5n-fre)<br>&#8221;Bonusvecka&#8221; ifall intresse finns, denna veckan med fokus p\u00e5 de allra yngsta\/barn<\/td><td>Start m\u00e5ndag 13 juli<\/td><\/tr><tr><td><\/td><td><\/td><td><\/td><\/tr><tr><td>30<\/td><td>Tennisskola (m\u00e5n-fre)<\/td><td>Start m\u00e5ndag 20 juli<\/td><\/tr><tr><td><\/td><td><\/td><td><\/td><\/tr><tr><td>30<\/td><td>Tenniskiosken st\u00e4nger f\u00f6r i \u00e5r<\/td><td>S\u00f6ndag 26e juli (kan bli fler dagar, beroende p\u00e5 v\u00e4der och vind)<\/td><\/tr><tr><td><\/td><td><\/td><td><\/td><\/tr><tr><td>37<\/td><td>Banorna st\u00e4nger<\/td><td>S\u00f6ndag 13 september<\/td><\/tr><tr><td><\/td><td><\/td><td><\/td><\/tr><tr><td>40<\/td><td>Fixarf\u00f6rmiddag inf\u00f6r h\u00f6sten, vid banorna, start 09.00<\/td><td><\/td><\/tr><\/tbody><\/table><\/figure>\n\n\n\n<p><\/p>\n","protected":false},"excerpt":{"rendered":"<p>VECKA AKTIVITET DATUM 20 Fixarf\u00f6rmiddag vid banorna, vi ses och putsar upp omr\u00e5det inf\u00f6r s\u00e4songen, fika ing\u00e5r som vanligt &#8211; varmt v\u00e4lkomna! \ud83d\ude42 09.00-12.00 Torsdag 14 maj (Kristi Himmelsf\u00e4rdshelgen) 24 MATCHi.se \u00f6ppnas f\u00f6r bokning. M\u00e5ndag 1 juni 24 Banorna \u00f6ppnas f\u00f6r spel. L\u00f6rdag 6 juni 25 Tenniskiosken har smyg\u00f6ppet under midsommarhelgen L\u00f6rdag 20 juni, s\u00f6ndag &hellip; <a href=\"https:\/\/gstk.se\/?page_id=33\" class=\"more-link\">Forts\u00e4tt l\u00e4sa<span class=\"screen-reader-text\"> \u201dKalender 2026\u201d<\/span><\/a><\/p>\n","protected":false},"author":1,"featured_media":0,"parent":0,"menu_order":30,"comment_status":"closed","ping_status":"closed","template":"","meta":{"footnotes":""},"class_list":["post-33","page","type-page","status-publish","hentry"],"_links":{"self":[{"href":"https:\/\/gstk.se\/index.php?rest_route=\/wp\/v2\/pages\/33","targetHints":{"allow":["GET"]}}],"collection":[{"href":"https:\/\/gstk.se\/index.php?rest_route=\/wp\/v2\/pages"}],"about":[{"href":"https:\/\/gstk.se\/index.php?rest_route=\/wp\/v2\/types\/page"}],"author":[{"embeddable":true,"href":"https:\/\/gstk.se\/index.php?rest_route=\/wp\/v2\/users\/1"}],"replies":[{"embeddable":true,"href":"https:\/\/gstk.se\/index.php?rest_route=%2Fwp%2Fv2%2Fcomments&post=33"}],"version-history":[{"count":60,"href":"https:\/\/gstk.se\/index.php?rest_route=\/wp\/v2\/pages\/33\/revisions"}],"predecessor-version":[{"id":781,"href":"https:\/\/gstk.se\/index.php?rest_route=\/wp\/v2\/pages\/33\/revisions\/781"}],"wp:attachment":[{"href":"https:\/\/gstk.se\/index.php?rest_route=%2Fwp%2Fv2%2Fmedia&parent=33"}],"curies":[{"name":"wp","href":"https:\/\/api.w.org\/{rel}","templated":true}]}}