{"id":38,"date":"2016-06-14T18:50:53","date_gmt":"2016-06-14T18:50:53","guid":{"rendered":"http:\/\/gstk.se\/?page_id=38"},"modified":"2024-10-05T04:47:55","modified_gmt":"2024-10-05T04:47:55","slug":"karta","status":"publish","type":"page","link":"https:\/\/gstk.se\/?page_id=38","title":{"rendered":"Karta"},"content":{"rendered":"<p><a href=\"https:\/\/gstk.se\/2016\/06\/Karta-Glimminge-1.png\"><br \/>\n<\/a>Adressen till tennisbanorna \u00e4r:<br \/>\nMidsommarv\u00e4gen<br \/>\nGlimminge plantering<br \/>\n269 93 B\u00e5stad<\/p>\n<p><a href=\"_wp_link_placeholder\" data-wplink-edit=\"true\">Klicka h\u00e4r f\u00f6r l\u00e4nk till Google maps<\/a><br \/>\n<a href=\"https:\/\/gstk.se\/2016\/06\/Karta-Glimminge.png\"><br \/>\n<img loading=\"lazy\" decoding=\"async\" class=\"alignnone size-medium wp-image-56\" src=\"https:\/\/gstk.se\/2016\/06\/Karta-Glimminge-300x257.png\" alt=\"Karta Glimminge\" width=\"300\" height=\"257\" srcset=\"https:\/\/gstk.se\/wp-content\/uploads\/2016\/06\/Karta-Glimminge-300x257.png 300w, https:\/\/gstk.se\/wp-content\/uploads\/2016\/06\/Karta-Glimminge.png 689w\" sizes=\"auto, (max-width: 300px) 85vw, 300px\" \/><\/a><\/p>\n","protected":false},"excerpt":{"rendered":"<p>Adressen till tennisbanorna \u00e4r: Midsommarv\u00e4gen Glimminge plantering 269 93 B\u00e5stad Klicka h\u00e4r f\u00f6r l\u00e4nk till Google maps<\/p>\n","protected":false},"author":1,"featured_media":0,"parent":0,"menu_order":40,"comment_status":"closed","ping_status":"closed","template":"","meta":{"footnotes":""},"class_list":["post-38","page","type-page","status-publish","hentry"],"_links":{"self":[{"href":"https:\/\/gstk.se\/index.php?rest_route=\/wp\/v2\/pages\/38","targetHints":{"allow":["GET"]}}],"collection":[{"href":"https:\/\/gstk.se\/index.php?rest_route=\/wp\/v2\/pages"}],"about":[{"href":"https:\/\/gstk.se\/index.php?rest_route=\/wp\/v2\/types\/page"}],"author":[{"embeddable":true,"href":"https:\/\/gstk.se\/index.php?rest_route=\/wp\/v2\/users\/1"}],"replies":[{"embeddable":true,"href":"https:\/\/gstk.se\/index.php?rest_route=%2Fwp%2Fv2%2Fcomments&post=38"}],"version-history":[{"count":7,"href":"https:\/\/gstk.se\/index.php?rest_route=\/wp\/v2\/pages\/38\/revisions"}],"predecessor-version":[{"id":710,"href":"https:\/\/gstk.se\/index.php?rest_route=\/wp\/v2\/pages\/38\/revisions\/710"}],"wp:attachment":[{"href":"https:\/\/gstk.se\/index.php?rest_route=%2Fwp%2Fv2%2Fmedia&parent=38"}],"curies":[{"name":"wp","href":"https:\/\/api.w.org\/{rel}","templated":true}]}}