{"id":411,"date":"2020-04-14T17:49:30","date_gmt":"2020-04-14T17:49:30","guid":{"rendered":"http:\/\/gstk.se\/?page_id=411"},"modified":"2026-04-30T12:49:08","modified_gmt":"2026-04-30T12:49:08","slug":"priser-bokning-betalning-och-medlemskap","status":"publish","type":"page","link":"https:\/\/gstk.se\/?page_id=411","title":{"rendered":"Bli medlem, boka, betala"},"content":{"rendered":"\n<p>All tidbokning g\u00f6rs p\u00e5 n\u00e4tet i bokningssystemet MATCHi. Om du inte redan har ett konto d\u00e4r s\u00e5 m\u00e5ste du skaffa det f\u00f6rst. G\u00e5 till <a href=\"http:\/\/www.matchi.se\" target=\"_blank\" rel=\"noreferrer noopener\">matchi.se<\/a>.<\/p>\n\n\n\n<p>Betalning av banhyra och medlemskap g\u00f6rs ocks\u00e5 p\u00e5 <a href=\"http:\/\/www.matchi.se\" target=\"_blank\" rel=\"noreferrer noopener\">matchi.se<\/a> med det betalningsmedel du registrerat d\u00e4r.<\/p>\n\n\n\n<p><mark style=\"background-color:rgba(0, 0, 0, 0);color:#18300d\" class=\"has-inline-color\">Man m\u00e5ste inte vara medlem i GSTK f\u00f6r att spela p\u00e5 v\u00e5ra banor. Det g\u00e5r bra att boka tider \u00e4ven som icke-medlem. Du och din familj \u00e4r naturligtvis v\u00e4lkomna som medlemmar oavsett hur m\u00e5nga timmar ni vill spela.<\/mark><\/p>\n\n\n\n<p class=\"has-text-align-left\">Priser sommaren 2026:<\/p>\n\n\n\n<ol class=\"wp-block-list\">\n<li>Banhyra, medlem 90 kr per timme<\/li>\n\n\n\n<li>Banhyra, icke-medlem 190 kr per timme<\/li>\n\n\n\n<li>Medlemskap 450 kr per \u00e5r<\/li>\n<\/ol>\n\n\n\n<p>Ett medlemskap omfattar <strong>familjen<\/strong>, dvs f\u00f6r\u00e4ldrar och barn p\u00e5 samma adress.<\/p>\n\n\n\n<p>Tider kan bokas en vecka i f\u00f6rv\u00e4g. Avbokning minst 12 timmar innan speltillf\u00e4llet \u00e5terbetalas, minus administrationskostnad.<\/p>\n\n\n\n<p>Spel utan motsvarande bokning och betalning \u00e4r inte till\u00e5tet. <\/p>\n\n\n\n<p>Det finns inga omkl\u00e4dningsrum vid banorna. Ej heller toaletter (n\u00e4rmaste publika toalett ligger nere mot havet vid v\u00e4ndplatsen d\u00e4r Kattfotsv\u00e4gen slutar).<\/p>\n\n\n\n<p><\/p>\n\n\n\n<p>Och f\u00f6r allas trevnad:<\/p>\n\n\n\n<p>L\u00e4mpliga skor och kl\u00e4dsel s\u00e5klart. <\/p>\n\n\n\n<p>B\u00f6rja sopa\/dra banan 5 minuter innan full tid.<\/p>\n\n\n\n<p>Vattna g\u00e4rna om det beh\u00f6vs &#8211; tack!<\/p>\n\n\n\n<p><\/p>\n\n\n\n<p><\/p>\n","protected":false},"excerpt":{"rendered":"<p>All tidbokning g\u00f6rs p\u00e5 n\u00e4tet i bokningssystemet MATCHi. Om du inte redan har ett konto d\u00e4r s\u00e5 m\u00e5ste du skaffa det f\u00f6rst. G\u00e5 till matchi.se. Betalning av banhyra och medlemskap g\u00f6rs ocks\u00e5 p\u00e5 matchi.se med det betalningsmedel du registrerat d\u00e4r. Man m\u00e5ste inte vara medlem i GSTK f\u00f6r att spela p\u00e5 v\u00e5ra banor. Det g\u00e5r &hellip; <a href=\"https:\/\/gstk.se\/?page_id=411\" class=\"more-link\">Forts\u00e4tt l\u00e4sa<span class=\"screen-reader-text\"> \u201dBli medlem, boka, betala\u201d<\/span><\/a><\/p>\n","protected":false},"author":1,"featured_media":0,"parent":0,"menu_order":11,"comment_status":"closed","ping_status":"closed","template":"","meta":{"footnotes":""},"class_list":["post-411","page","type-page","status-publish","hentry"],"_links":{"self":[{"href":"https:\/\/gstk.se\/index.php?rest_route=\/wp\/v2\/pages\/411","targetHints":{"allow":["GET"]}}],"collection":[{"href":"https:\/\/gstk.se\/index.php?rest_route=\/wp\/v2\/pages"}],"about":[{"href":"https:\/\/gstk.se\/index.php?rest_route=\/wp\/v2\/types\/page"}],"author":[{"embeddable":true,"href":"https:\/\/gstk.se\/index.php?rest_route=\/wp\/v2\/users\/1"}],"replies":[{"embeddable":true,"href":"https:\/\/gstk.se\/index.php?rest_route=%2Fwp%2Fv2%2Fcomments&post=411"}],"version-history":[{"count":21,"href":"https:\/\/gstk.se\/index.php?rest_route=\/wp\/v2\/pages\/411\/revisions"}],"predecessor-version":[{"id":769,"href":"https:\/\/gstk.se\/index.php?rest_route=\/wp\/v2\/pages\/411\/revisions\/769"}],"wp:attachment":[{"href":"https:\/\/gstk.se\/index.php?rest_route=%2Fwp%2Fv2%2Fmedia&parent=411"}],"curies":[{"name":"wp","href":"https:\/\/api.w.org\/{rel}","templated":true}]}}