{"id":45,"date":"2016-06-14T19:07:59","date_gmt":"2016-06-14T19:07:59","guid":{"rendered":"http:\/\/gstk.se\/?page_id=45"},"modified":"2019-10-16T11:41:33","modified_gmt":"2019-10-16T11:41:33","slug":"gstk-sebilder","status":"publish","type":"page","link":"https:\/\/gstk.se\/?page_id=45","title":{"rendered":"Bilder"},"content":{"rendered":"\n<p><\/p>\n\n\n\n<div class=\"wp-block-image\"><figure class=\"alignleft\"><a href=\"https:\/\/gstk.se\/2016\/06\/IMG_3614.jpg\"><img loading=\"lazy\" decoding=\"async\" width=\"300\" height=\"225\" src=\"https:\/\/gstk.se\/2016\/06\/IMG_3614-300x225.jpg\" alt=\"IMG_3614\" class=\"wp-image-9\" srcset=\"https:\/\/gstk.se\/wp-content\/uploads\/2016\/06\/IMG_3614-300x225.jpg 300w, https:\/\/gstk.se\/wp-content\/uploads\/2016\/06\/IMG_3614-768x576.jpg 768w, https:\/\/gstk.se\/wp-content\/uploads\/2016\/06\/IMG_3614-1024x768.jpg 1024w, https:\/\/gstk.se\/wp-content\/uploads\/2016\/06\/IMG_3614-1200x900.jpg 1200w, https:\/\/gstk.se\/wp-content\/uploads\/2016\/06\/IMG_3614.jpg 1600w\" sizes=\"auto, (max-width: 300px) 85vw, 300px\" \/><\/a><figcaption>Klubbhuset: Visst renoveringsbehov fanns 2016 och tack vare v\u00e4lvilliga sponsorer kunde vi 2018 dra in el och \u00f6ppna en liten kiosk.<\/figcaption><\/figure><\/div>\n\n\n\n<div class=\"wp-block-image\"><figure class=\"alignleft\"><a href=\"https:\/\/gstk.se\/2016\/06\/Kiosk-1.jpg\"><img loading=\"lazy\" decoding=\"async\" width=\"300\" height=\"225\" src=\"https:\/\/gstk.se\/2016\/06\/Kiosk-1-300x225.jpg\" alt=\"\" class=\"wp-image-154\" srcset=\"https:\/\/gstk.se\/wp-content\/uploads\/2016\/06\/Kiosk-1-300x225.jpg 300w, https:\/\/gstk.se\/wp-content\/uploads\/2016\/06\/Kiosk-1-768x576.jpg 768w, https:\/\/gstk.se\/wp-content\/uploads\/2016\/06\/Kiosk-1-1024x768.jpg 1024w, https:\/\/gstk.se\/wp-content\/uploads\/2016\/06\/Kiosk-1-1200x900.jpg 1200w, https:\/\/gstk.se\/wp-content\/uploads\/2016\/06\/Kiosk-1.jpg 1632w\" sizes=\"auto, (max-width: 300px) 85vw, 300px\" \/><\/a><figcaption>Mingel vid invigning 2018 av det nyrenoverade klubbhuset och kiosken. <\/figcaption><\/figure><\/div>\n\n\n\n<p>.<\/p>\n\n\n\n<div class=\"wp-block-image\"><figure class=\"alignleft\"><a href=\"https:\/\/gstk.se\/2016\/06\/IMG_0761.jpg\"><img loading=\"lazy\" decoding=\"async\" width=\"300\" height=\"225\" src=\"https:\/\/gstk.se\/2016\/06\/IMG_0761-300x225.jpg\" alt=\"\" class=\"wp-image-160\" srcset=\"https:\/\/gstk.se\/wp-content\/uploads\/2016\/06\/IMG_0761-300x225.jpg 300w, https:\/\/gstk.se\/wp-content\/uploads\/2016\/06\/IMG_0761-768x576.jpg 768w, https:\/\/gstk.se\/wp-content\/uploads\/2016\/06\/IMG_0761-1024x768.jpg 1024w, https:\/\/gstk.se\/wp-content\/uploads\/2016\/06\/IMG_0761-1200x900.jpg 1200w\" sizes=\"auto, (max-width: 300px) 85vw, 300px\" \/><\/a><figcaption>Styrelsen 2017-2018 fr\u00e5n v\u00e4nster: Susanne Bragard, Johan Bj\u00f6rksund, Richard Ahl (revisor), Per Andersson, Anne Henrichson, Erik Isacsson.<br><\/figcaption><\/figure><\/div>\n\n\n\n<figure class=\"wp-block-image is-resized\"><img loading=\"lazy\" decoding=\"async\" src=\"https:\/\/gstk.se\/2019\/08\/IMG_0860-K.jpeg\" alt=\"\" class=\"wp-image-298\" width=\"315\" height=\"197\" srcset=\"https:\/\/gstk.se\/wp-content\/uploads\/2019\/08\/IMG_0860-K.jpeg 461w, https:\/\/gstk.se\/wp-content\/uploads\/2019\/08\/IMG_0860-K-300x188.jpeg 300w\" sizes=\"auto, (max-width: 315px) 85vw, 315px\" \/><figcaption>Tennisskola 2019: M\u00e5nga deltagare under sakkunnig ledning. Och fint v\u00e4der hela veckan.<\/figcaption><\/figure>\n\n\n\n<figure class=\"wp-block-image is-resized\"><img loading=\"lazy\" decoding=\"async\" src=\"https:\/\/gstk.se\/2019\/08\/IMG_0885-K-1.jpeg\" alt=\"\" class=\"wp-image-303\" width=\"318\" height=\"170\" srcset=\"https:\/\/gstk.se\/wp-content\/uploads\/2019\/08\/IMG_0885-K-1.jpeg 636w, https:\/\/gstk.se\/wp-content\/uploads\/2019\/08\/IMG_0885-K-1-300x161.jpeg 300w\" sizes=\"auto, (max-width: 318px) 85vw, 318px\" \/><figcaption>Tennisskola 2019: \u00c5terv\u00e4xten verkar tryggad.<\/figcaption><\/figure>\n\n\n\n<figure class=\"wp-block-image is-resized\"><img loading=\"lazy\" decoding=\"async\" src=\"https:\/\/gstk.se\/2019\/08\/IMG_0869-K.jpeg\" alt=\"\" class=\"wp-image-299\" width=\"315\" height=\"293\"\/><figcaption>Anne \u00e4r tennisskolans rektor sedan 27 \u00e5r.<br><\/figcaption><\/figure>\n\n\n\n<figure class=\"wp-block-image is-resized\"><img loading=\"lazy\" decoding=\"async\" src=\"https:\/\/gstk.se\/2019\/08\/IMG_0854-4.jpeg\" alt=\"\" class=\"wp-image-307\" width=\"324\" height=\"185\" srcset=\"https:\/\/gstk.se\/wp-content\/uploads\/2019\/08\/IMG_0854-4.jpeg 640w, https:\/\/gstk.se\/wp-content\/uploads\/2019\/08\/IMG_0854-4-300x172.jpeg 300w\" sizes=\"auto, (max-width: 324px) 85vw, 324px\" \/><figcaption>Tennisbanorna 2019: Glimminge planterings medelpunkt. <\/figcaption><\/figure>\n","protected":false},"excerpt":{"rendered":"<p>.<\/p>\n","protected":false},"author":1,"featured_media":0,"parent":0,"menu_order":70,"comment_status":"closed","ping_status":"closed","template":"","meta":{"footnotes":""},"class_list":["post-45","page","type-page","status-publish","hentry"],"_links":{"self":[{"href":"https:\/\/gstk.se\/index.php?rest_route=\/wp\/v2\/pages\/45","targetHints":{"allow":["GET"]}}],"collection":[{"href":"https:\/\/gstk.se\/index.php?rest_route=\/wp\/v2\/pages"}],"about":[{"href":"https:\/\/gstk.se\/index.php?rest_route=\/wp\/v2\/types\/page"}],"author":[{"embeddable":true,"href":"https:\/\/gstk.se\/index.php?rest_route=\/wp\/v2\/users\/1"}],"replies":[{"embeddable":true,"href":"https:\/\/gstk.se\/index.php?rest_route=%2Fwp%2Fv2%2Fcomments&post=45"}],"version-history":[{"count":13,"href":"https:\/\/gstk.se\/index.php?rest_route=\/wp\/v2\/pages\/45\/revisions"}],"predecessor-version":[{"id":664,"href":"https:\/\/gstk.se\/index.php?rest_route=\/wp\/v2\/pages\/45\/revisions\/664"}],"wp:attachment":[{"href":"https:\/\/gstk.se\/index.php?rest_route=%2Fwp%2Fv2%2Fmedia&parent=45"}],"curies":[{"name":"wp","href":"https:\/\/api.w.org\/{rel}","templated":true}]}}