{"id":73,"date":"2016-06-15T08:16:59","date_gmt":"2016-06-15T08:16:59","guid":{"rendered":"http:\/\/gstk.se\/?page_id=73"},"modified":"2022-08-16T13:28:17","modified_gmt":"2022-08-16T13:28:17","slug":"kontakt","status":"publish","type":"page","link":"https:\/\/gstk.se\/?page_id=73","title":{"rendered":"Kontaktuppgifter, bankgiro"},"content":{"rendered":"<pre>Kontaktperson<br \/><br \/><span style=\"color: #003366;\"><b>Inger Blennow<br \/><\/b>Ordf.\u00a0<br \/>Tel 0766-312353<br \/><br \/><\/span><span style=\"color: #003366;\"><br \/><\/span><br \/><em><span style=\"color: #003366;\">OBS! Speltimmar och medlemsavgifter betalas via MATCHi.se. <\/span><\/em><br \/><br \/><em><span style=\"color: #003366;\">\u00d6vriga inbetalningar till GSTK g\u00f6rs p\u00e5 bankgiro\u00a0775-5580.<\/span><\/em><\/pre>\n\n\n<p><\/p>\n","protected":false},"excerpt":{"rendered":"<p>KontaktpersonInger BlennowOrdf.\u00a0Tel 0766-312353OBS! Speltimmar och medlemsavgifter betalas via MATCHi.se. \u00d6vriga inbetalningar till GSTK g\u00f6rs p\u00e5 bankgiro\u00a0775-5580.<\/p>\n","protected":false},"author":1,"featured_media":0,"parent":0,"menu_order":50,"comment_status":"closed","ping_status":"closed","template":"","meta":{"footnotes":""},"class_list":["post-73","page","type-page","status-publish","hentry"],"_links":{"self":[{"href":"https:\/\/gstk.se\/index.php?rest_route=\/wp\/v2\/pages\/73","targetHints":{"allow":["GET"]}}],"collection":[{"href":"https:\/\/gstk.se\/index.php?rest_route=\/wp\/v2\/pages"}],"about":[{"href":"https:\/\/gstk.se\/index.php?rest_route=\/wp\/v2\/types\/page"}],"author":[{"embeddable":true,"href":"https:\/\/gstk.se\/index.php?rest_route=\/wp\/v2\/users\/1"}],"replies":[{"embeddable":true,"href":"https:\/\/gstk.se\/index.php?rest_route=%2Fwp%2Fv2%2Fcomments&post=73"}],"version-history":[{"count":11,"href":"https:\/\/gstk.se\/index.php?rest_route=\/wp\/v2\/pages\/73\/revisions"}],"predecessor-version":[{"id":763,"href":"https:\/\/gstk.se\/index.php?rest_route=\/wp\/v2\/pages\/73\/revisions\/763"}],"wp:attachment":[{"href":"https:\/\/gstk.se\/index.php?rest_route=%2Fwp%2Fv2%2Fmedia&parent=73"}],"curies":[{"name":"wp","href":"https:\/\/api.w.org\/{rel}","templated":true}]}}